{"id":1028243,"date":"2023-11-16T11:21:25","date_gmt":"2023-11-16T16:21:25","guid":{"rendered":"https:\/\/dev04.infinitekparis.com\/?post_type=product&#038;p=1028243"},"modified":"2025-12-01T12:21:33","modified_gmt":"2025-12-01T17:21:33","slug":"kit-infinitek-2025","status":"publish","type":"product","link":"https:\/\/dev04.infinitekparis.com\/mx\/tienda\/platine\/kit-infinitek-2025\/","title":{"rendered":"Kit Infinitek 2025"},"content":{"rendered":"<p style=\"text-align: justify;\">Descubre nuestros 12 favoritos IK y ll\u00e9valos en un s\u00f3lo kit.<\/p>\n<ol>\n<li style=\"text-align: justify;\"><strong>S\u00e9rum \u00c1cido Hialur\u00f3nico + Silicio Org\u00e1nico<\/strong>. Hidrata a profundidad.<\/li>\n<li style=\"text-align: justify;\"><strong>S\u00e9rum Vitamina C + Silicio Org\u00e1nico<\/strong>. Potenciador de luminosidad.<\/li>\n<li style=\"text-align: justify;\"><strong>S\u00e9rum Despigmentante Crystal Rose<\/strong>. Combate manchas faciales.<\/li>\n<li style=\"text-align: justify;\"><strong>Protector Solar Ultra-Protection<\/strong>. Protege tu piel de rayos UVB, UVA y luz azul y artificial.<\/li>\n<li style=\"text-align: justify;\"><strong>Dermo-Clean Soluci\u00f3n Micelar<\/strong>. Remueve impurezas y maquillaje.<\/li>\n<li style=\"text-align: justify;\"><strong>Multi-Active 360 Contorno de Ojos.<\/strong> Reafirma y descongestiona.<\/li>\n<li style=\"text-align: justify;\"><strong>Crema Humectante Retinol.<\/strong> Humecta y combate arrugas.<\/li>\n<li style=\"text-align: justify;\"><strong>Aceite Rosa Mosqueta.<\/strong> Nutre y repara.<\/li>\n<li style=\"text-align: justify;\"><strong>Mascarilla Del Mar Muerto.<\/strong> Limpia y detoxifica.<\/li>\n<li style=\"text-align: justify;\"><strong>Luxury Lip Balm.<\/strong> Hidrata y voluminiza.<\/li>\n<li style=\"text-align: justify;\"><strong>Sugar Kiss Lip Scrub.<\/strong> Exfolia.<\/li>\n<li style=\"text-align: justify;\"><strong>Infinit-Ink.<\/strong> Tinta roja para labios y mejillas.<\/li>\n<\/ol>\n<p style=\"text-align: justify;\"><span style=\"font-weight: 400;\"><a href=\"https:\/\/dev04.infinitekparis.com\/mx\/contacto-whatsapp\/\" target=\"_blank\" rel=\"noopener noreferrer\"><strong>Para mayor informaci\u00f3n, comun\u00edcate con una de nuestras asesoras al n\u00famero (+1) 786 233 6429.<\/strong><\/a><\/span><\/p>\n","protected":false},"excerpt":{"rendered":"<p>Ideal para el cuidado de tu rostro, cuerpo y labios.<\/p>\n","protected":false},"featured_media":1269529,"comment_status":"open","ping_status":"closed","template":"","meta":[],"product_brand":[],"product_cat":[72,80,62],"product_tag":[],"class_list":{"0":"post-1028243","1":"product","2":"type-product","3":"status-publish","4":"has-post-thumbnail","6":"product_cat-cuidado-facial","7":"product_cat-kits","8":"product_cat-platine","10":"first","11":"instock","12":"sale","13":"shipping-taxable","14":"purchasable","15":"product-type-simple"},"_links":{"self":[{"href":"https:\/\/dev04.infinitekparis.com\/mx\/wp-json\/wp\/v2\/product\/1028243","targetHints":{"allow":["GET"]}}],"collection":[{"href":"https:\/\/dev04.infinitekparis.com\/mx\/wp-json\/wp\/v2\/product"}],"about":[{"href":"https:\/\/dev04.infinitekparis.com\/mx\/wp-json\/wp\/v2\/types\/product"}],"replies":[{"embeddable":true,"href":"https:\/\/dev04.infinitekparis.com\/mx\/wp-json\/wp\/v2\/comments?post=1028243"}],"wp:featuredmedia":[{"embeddable":true,"href":"https:\/\/dev04.infinitekparis.com\/mx\/wp-json\/wp\/v2\/media\/1269529"}],"wp:attachment":[{"href":"https:\/\/dev04.infinitekparis.com\/mx\/wp-json\/wp\/v2\/media?parent=1028243"}],"wp:term":[{"taxonomy":"product_brand","embeddable":true,"href":"https:\/\/dev04.infinitekparis.com\/mx\/wp-json\/wp\/v2\/product_brand?post=1028243"},{"taxonomy":"product_cat","embeddable":true,"href":"https:\/\/dev04.infinitekparis.com\/mx\/wp-json\/wp\/v2\/product_cat?post=1028243"},{"taxonomy":"product_tag","embeddable":true,"href":"https:\/\/dev04.infinitekparis.com\/mx\/wp-json\/wp\/v2\/product_tag?post=1028243"}],"curies":[{"name":"wp","href":"https:\/\/api.w.org\/{rel}","templated":true}]}}