{"id":1135746,"date":"2021-08-02T17:04:05","date_gmt":"2021-08-02T22:04:05","guid":{"rendered":"https:\/\/dev04.infinitekparis.com\/tienda\/sin categor\u00eda\/silicone-mask-brush\/"},"modified":"2025-04-29T15:58:13","modified_gmt":"2025-04-29T20:58:13","slug":"silicone-mask-brush","status":"publish","type":"product","link":"https:\/\/dev04.infinitekparis.com\/mx\/tienda\/accesorios\/silicone-mask-brush\/","title":{"rendered":"Silicone Mask Brush"},"content":{"rendered":"<p>Infinitek\u00ae Paris <strong>SILICONE MASK BRUSH<\/strong>, es una esp\u00e1tula de silicona reutilizable, pr\u00e1ctica e higi\u00e9nica, ideal para aplicar mascarillas faciales de manera uniforme y evitar el desperdicio de producto.<\/p>\n<p><strong>Recomendaciones de limpieza:<\/strong><\/p>\n<p>Aplicar jab\u00f3n y lavar con agua tibia.<\/p>\n<p style=\"text-align: justify;\"><p style=\"text-align: justify;\"><span style=\"font-weight: 400;\"><a href=\"https:\/\/dev04.infinitekparis.com\/mx\/contacto-whatsapp\/\" target=\"_blank\" rel=\"noopener noreferrer\"><strong>Para mayor informaci\u00f3n, comun\u00edcate con una de nuestras asesoras al n\u00famero (+1) 786 233 6429.<\/strong><\/a><\/span><\/p>\n","protected":false},"excerpt":{"rendered":"<ul>\n<li>Textura suave.<\/li>\n<li>Antis\u00e9ptica.<\/li>\n<li>Material ideal para pieles sensibles.<\/li>\n<li>Libre de BPA.<\/li>\n<\/ul>\n","protected":false},"featured_media":518863,"comment_status":"open","ping_status":"closed","template":"","meta":[],"product_brand":[],"product_cat":[66],"product_tag":[],"class_list":{"0":"post-1135746","1":"product","2":"type-product","3":"status-publish","4":"has-post-thumbnail","6":"product_cat-accesorios","8":"first","9":"instock","10":"sale","11":"shipping-taxable","12":"purchasable","13":"product-type-simple"},"_links":{"self":[{"href":"https:\/\/dev04.infinitekparis.com\/mx\/wp-json\/wp\/v2\/product\/1135746","targetHints":{"allow":["GET"]}}],"collection":[{"href":"https:\/\/dev04.infinitekparis.com\/mx\/wp-json\/wp\/v2\/product"}],"about":[{"href":"https:\/\/dev04.infinitekparis.com\/mx\/wp-json\/wp\/v2\/types\/product"}],"replies":[{"embeddable":true,"href":"https:\/\/dev04.infinitekparis.com\/mx\/wp-json\/wp\/v2\/comments?post=1135746"}],"wp:featuredmedia":[{"embeddable":true,"href":"https:\/\/dev04.infinitekparis.com\/mx\/wp-json\/wp\/v2\/media\/518863"}],"wp:attachment":[{"href":"https:\/\/dev04.infinitekparis.com\/mx\/wp-json\/wp\/v2\/media?parent=1135746"}],"wp:term":[{"taxonomy":"product_brand","embeddable":true,"href":"https:\/\/dev04.infinitekparis.com\/mx\/wp-json\/wp\/v2\/product_brand?post=1135746"},{"taxonomy":"product_cat","embeddable":true,"href":"https:\/\/dev04.infinitekparis.com\/mx\/wp-json\/wp\/v2\/product_cat?post=1135746"},{"taxonomy":"product_tag","embeddable":true,"href":"https:\/\/dev04.infinitekparis.com\/mx\/wp-json\/wp\/v2\/product_tag?post=1135746"}],"curies":[{"name":"wp","href":"https:\/\/api.w.org\/{rel}","templated":true}]}}