{"id":1259779,"date":"2025-06-09T08:18:23","date_gmt":"2025-06-09T13:18:23","guid":{"rendered":"https:\/\/dev04.infinitekparis.com\/tienda\/sin%20categor\u00eda\/kit-facial-hombres\/"},"modified":"2025-11-04T20:49:18","modified_gmt":"2025-11-05T01:49:18","slug":"kit-facial-hombres","status":"publish","type":"product","link":"https:\/\/dev04.infinitekparis.com\/mx\/tienda\/platine\/kit-facial-hombres\/","title":{"rendered":"Kit Facial Hombres"},"content":{"rendered":"<p>Dise\u00f1ado para quienes buscan una piel fresca, protegida y saludable sin complicaciones, este kit re\u00fane 3 esenciales para una rutina de skincare r\u00e1pida, pr\u00e1ctica y efectiva.<\/p>\n<p><strong>S\u00e9rum \u00c1cido Hialur\u00f3nico + Silicio Org\u00e1nico.<\/strong> Brinda una hidrataci\u00f3n intensa y duradera. Disminuye y previene la apariencia de arrugas y l\u00edneas finas. Visiblemente mejora la firmeza, el grosor y la textura; para una piel m\u00e1s densa, resistente y flexible.<\/p>\n<p><strong>Multi-Active 360 Contorno de Ojos.<\/strong> Reafirma, ilumina e hidrata, mientras previene y disminuye la apariencia de ojeras, bolsas y arrugas. Gracias a su poder nutritivo y reparador, brinda una sensaci\u00f3n de relajaci\u00f3n a los ojos cansados, revelando una mirada reluciente, fresca y juvenil.<\/p>\n<p><em>Contiene:<\/em> cafe\u00edna, retinol, \u00e1cido hialur\u00f3nico, flor de sa\u00faco, col\u00e1geno, caviar, elastina y aceite de aguacate.<\/p>\n<p><strong>Protector Solar Ultra-Protection SPF 50.<\/strong> F\u00f3rmula 100 % mineral, brinda una protecci\u00f3n de amplio espectro contra los rayos UVB, UVA, luz azul y artificial, previniendo y mejorando los signos del envejecimiento, como las manchas oscuras y el riesgo de c\u00e1ncer de piel.<\/p>\n<p><em>Contiene:<\/em> \u00f3xido de zinc, di\u00f3xido de titanio, Physavie, \u00e1cido hialur\u00f3nico.<\/p>\n<p style=\"text-align: justify;\"><span style=\"font-weight: 400;\"><a href=\"https:\/\/dev04.infinitekparis.com\/mx\/contacto-whatsapp\/\" target=\"_blank\" rel=\"noopener noreferrer\"><strong>Para mayor informaci\u00f3n, comun\u00edcate con una de nuestras asesoras al n\u00famero (+1) 786 233 6429.<\/strong><\/a><\/span><\/p>\n","protected":false},"excerpt":{"rendered":"<p>3 Esenciales para una rutina de skincare en 3 pasos, r\u00e1pida y f\u00e1cil.<\/p>\n<ul>\n<li>S\u00e9rum \u00c1cido Hialur\u00f3nico + Silicio Org\u00e1nico<\/li>\n<li>Multi-Active 360 Contorno de Ojos<\/li>\n<li>Protector Solar Ultra-Protection SPF 50<\/li>\n<\/ul>\n","protected":false},"featured_media":1259749,"comment_status":"open","ping_status":"closed","template":"","meta":[],"product_brand":[],"product_cat":[72,80,62],"product_tag":[],"class_list":{"0":"post-1259779","1":"product","2":"type-product","3":"status-publish","4":"has-post-thumbnail","6":"product_cat-cuidado-facial","7":"product_cat-kits","8":"product_cat-platine","10":"first","11":"instock","12":"sale","13":"shipping-taxable","14":"purchasable","15":"product-type-simple"},"_links":{"self":[{"href":"https:\/\/dev04.infinitekparis.com\/mx\/wp-json\/wp\/v2\/product\/1259779","targetHints":{"allow":["GET"]}}],"collection":[{"href":"https:\/\/dev04.infinitekparis.com\/mx\/wp-json\/wp\/v2\/product"}],"about":[{"href":"https:\/\/dev04.infinitekparis.com\/mx\/wp-json\/wp\/v2\/types\/product"}],"replies":[{"embeddable":true,"href":"https:\/\/dev04.infinitekparis.com\/mx\/wp-json\/wp\/v2\/comments?post=1259779"}],"wp:featuredmedia":[{"embeddable":true,"href":"https:\/\/dev04.infinitekparis.com\/mx\/wp-json\/wp\/v2\/media\/1259749"}],"wp:attachment":[{"href":"https:\/\/dev04.infinitekparis.com\/mx\/wp-json\/wp\/v2\/media?parent=1259779"}],"wp:term":[{"taxonomy":"product_brand","embeddable":true,"href":"https:\/\/dev04.infinitekparis.com\/mx\/wp-json\/wp\/v2\/product_brand?post=1259779"},{"taxonomy":"product_cat","embeddable":true,"href":"https:\/\/dev04.infinitekparis.com\/mx\/wp-json\/wp\/v2\/product_cat?post=1259779"},{"taxonomy":"product_tag","embeddable":true,"href":"https:\/\/dev04.infinitekparis.com\/mx\/wp-json\/wp\/v2\/product_tag?post=1259779"}],"curies":[{"name":"wp","href":"https:\/\/api.w.org\/{rel}","templated":true}]}}