{"id":2019,"date":"2020-05-26T16:56:35","date_gmt":"2020-05-26T21:56:35","guid":{"rendered":"https:\/\/dev04.infinitekparis.com\/tienda\/sin%20categor\u00eda\/kit-unique\/"},"modified":"2025-06-26T16:08:34","modified_gmt":"2025-06-26T21:08:34","slug":"kit-unique","status":"publish","type":"product","link":"https:\/\/dev04.infinitekparis.com\/mx\/tienda\/platine\/kit-unique\/","title":{"rendered":"Kit Unique"},"content":{"rendered":"<p style=\"text-align: justify;\">\u00a1Kit facial especializado! 7 esenciales para una piel radiante y saludable.<\/p>\n<ul>\n<li style=\"text-align: justify;\"><strong>S\u00e9rum Vitamina C + Silicio Org\u00e1nico.<\/strong> Potenciador de la luminosidad, promueve la renovaci\u00f3n celular y mejora la textura y calidad de la piel.<\/li>\n<li style=\"text-align: justify;\"><strong>S\u00e9rum Despigmentante Crystal Rose.<\/strong> F\u00f3rmula innovadora que ilumina y aclara la textura de la piel, promoviendo un tono uniforme y una apariencia juvenil.<\/li>\n<li style=\"text-align: justify;\"><strong>S\u00e9rum \u00c1cido Hialur\u00f3nico.<\/strong> Brinda una hidrataci\u00f3n intensa y duradera, mejorando la firmeza y flexibilidad de la piel para un lograr aspecto m\u00e1s denso y saludable.<\/li>\n<li style=\"text-align: justify;\"><strong>Crema Humectante Retinol.<\/strong> Favorece la renovaci\u00f3n celular para una piel con mejor tono y textura.<\/li>\n<li style=\"text-align: justify;\"><strong>Multi-Active 360 Contorno de Ojos.<\/strong> Reafirma, ilumina e hidrata el \u00e1rea de los ojos, contribuyendo a una apariencia m\u00e1s fresca y descansada.<\/li>\n<li style=\"text-align: justify;\"><strong>Mascarilla Del Mar Muerto.<\/strong> Exfolia y limpia en profundidad, promoviendo una piel m\u00e1s suave y saludable.<\/li>\n<li><strong>Protector Solar Ultra-Protection.<\/strong> \u00a0F\u00f3rmula 100% mineral, brinda una protecci\u00f3n de amplio espectro contra los rayos UVA, UVB y Luz Azul, previniendo y mejorando los signos del envejecimiento.<\/li>\n<\/ul>\n<p style=\"text-align: justify;\"><p style=\"text-align: justify;\"><span style=\"font-weight: 400;\"><a href=\"https:\/\/dev04.infinitekparis.com\/mx\/contacto-whatsapp\/\" target=\"_blank\" rel=\"noopener noreferrer\"><strong>Para mayor informaci\u00f3n, comun\u00edcate con una de nuestras asesoras al n\u00famero (+1) 786 233 6429.<\/strong><\/a><\/span><\/p>\n","protected":false},"excerpt":{"rendered":"<p>7 esenciales para el cuidado de tu piel, ideal perfecto para el d\u00eda y la noche.<\/p>\n<ul>\n<li>Promueve la renovaci\u00f3n celular.<\/li>\n<li>Mejora la textura y el aspecto de la piel.<\/li>\n<li>Hidrataci\u00f3n a profundidad.<\/li>\n<li>Reafirma y suaviza la piel.<\/li>\n<\/ul>\n<p>&nbsp;<\/p>\n","protected":false},"featured_media":1142108,"comment_status":"open","ping_status":"closed","template":"","meta":[],"product_brand":[],"product_cat":[62,72,80],"product_tag":[],"class_list":{"0":"post-2019","1":"product","2":"type-product","3":"status-publish","4":"has-post-thumbnail","6":"product_cat-platine","7":"product_cat-cuidado-facial","8":"product_cat-kits","10":"first","11":"outofstock","12":"shipping-taxable","13":"purchasable","14":"product-type-simple"},"_links":{"self":[{"href":"https:\/\/dev04.infinitekparis.com\/mx\/wp-json\/wp\/v2\/product\/2019","targetHints":{"allow":["GET"]}}],"collection":[{"href":"https:\/\/dev04.infinitekparis.com\/mx\/wp-json\/wp\/v2\/product"}],"about":[{"href":"https:\/\/dev04.infinitekparis.com\/mx\/wp-json\/wp\/v2\/types\/product"}],"replies":[{"embeddable":true,"href":"https:\/\/dev04.infinitekparis.com\/mx\/wp-json\/wp\/v2\/comments?post=2019"}],"wp:featuredmedia":[{"embeddable":true,"href":"https:\/\/dev04.infinitekparis.com\/mx\/wp-json\/wp\/v2\/media\/1142108"}],"wp:attachment":[{"href":"https:\/\/dev04.infinitekparis.com\/mx\/wp-json\/wp\/v2\/media?parent=2019"}],"wp:term":[{"taxonomy":"product_brand","embeddable":true,"href":"https:\/\/dev04.infinitekparis.com\/mx\/wp-json\/wp\/v2\/product_brand?post=2019"},{"taxonomy":"product_cat","embeddable":true,"href":"https:\/\/dev04.infinitekparis.com\/mx\/wp-json\/wp\/v2\/product_cat?post=2019"},{"taxonomy":"product_tag","embeddable":true,"href":"https:\/\/dev04.infinitekparis.com\/mx\/wp-json\/wp\/v2\/product_tag?post=2019"}],"curies":[{"name":"wp","href":"https:\/\/api.w.org\/{rel}","templated":true}]}}