{"id":381,"date":"2020-03-10T12:40:47","date_gmt":"2020-03-10T17:40:47","guid":{"rendered":"https:\/\/dev04.infinitekparis.com\/tienda\/sin%20categor\u00eda\/protector-solar-ultra-protection-spf-50\/"},"modified":"2025-11-05T09:56:30","modified_gmt":"2025-11-05T14:56:30","slug":"protector-solar-ultra-protection-spf-50","status":"publish","type":"product","link":"https:\/\/dev04.infinitekparis.com\/mx\/tienda\/rutina\/prevencion-proteccion\/protector-solar-ultra-protection-spf-50\/","title":{"rendered":"Protector Solar Ultra-Protection SPF 50"},"content":{"rendered":"<p style=\"text-align: justify;\">Protector solar de amplio espectro con f\u00f3rmula 100% mineral. Resistente al agua hasta 80 minutos, previene los signos del envejecimiento como manchas, arrugas, deshidrataci\u00f3n y c\u00e1ncer de piel. \u00dasalo como primer facial con acabado mate, su textura es ligera y no grasa. Ideal para cualquier tipo de piel, hasta las m\u00e1s sensibles.<span class=\"more_less more\"> &#8230;Ver m\u00e1s<\/span><\/p>\n<div id=\"more_text\">\n<p style=\"text-align: justify;\"><strong>\u00bfPara qu\u00e9 sirve?<\/strong><\/p>\n<p style=\"text-align: justify;\">Protector Solar Ultra-Protection SPF 50, F\u00f3rmula 100% mineral, brinda una protecci\u00f3n de amplio espectro contra los rayos UVA, UVB y Luz Azul, previniendo y mejorando los signos del envejecimiento como las manchas oscuras y el riesgo de c\u00e1ncer de piel. Adem\u00e1s de proteger e hidratar funciona como Primer Facial con acabado mate. Su tinte es de color universal (formulado para todos los tonos de piel), es de textura suave, liviana y no grasa, proporciona una correcci\u00f3n de color instant\u00e1nea para lucir un tono m\u00e1s uniforme, radiante y juvenil.<\/p>\n<ul style=\"text-align: justify;\">\n<li>PARA TODO TIPO DE PIEL \u2013 Sin adici\u00f3n de Parabenos, fragancias y Colorantes.<\/li>\n<li>Libre de crueldad animal.<\/li>\n<\/ul>\n<p style=\"text-align: justify;\"><p style=\"text-align: justify;\"><span style=\"font-weight: 400;\"><a href=\"https:\/\/dev04.infinitekparis.com\/mx\/contacto-whatsapp\/\" target=\"_blank\" rel=\"noopener noreferrer\"><strong>Para mayor informaci\u00f3n, comun\u00edcate con una de nuestras asesoras al n\u00famero (+1) 786 233 6429.<\/strong><\/a><\/span><\/p>\n<p><span class=\"more_less less\">Ver menos<\/span><\/p>\n<\/div>\n","protected":false},"excerpt":{"rendered":"<ul>\n<li>Protecci\u00f3n de Amplio Espectro Contra Rayos UVB, UVA, Luz Azul y Artificial.<\/li>\n<li>Combate los Signos del Envejecimiento como Arrugas y Manchas.<\/li>\n<li>Primer Facial \u2013 Acabado Mate.<\/li>\n<li>Textura Suave, Liviana y no Grasa.<\/li>\n<li>Resistente al agua (80 minutos).<\/li>\n<\/ul>\n<p><strong>F\u00f3rmula\u00a0Cl\u00ednicamente Probada.<\/strong><\/p>\n","protected":false},"featured_media":1149878,"comment_status":"open","ping_status":"closed","template":"","meta":[],"product_brand":[],"product_cat":[59,72,122],"product_tag":[],"class_list":{"0":"post-381","1":"product","2":"type-product","3":"status-publish","4":"has-post-thumbnail","6":"product_cat-elementaire","7":"product_cat-cuidado-facial","8":"product_cat-prevencion-proteccion","10":"first","11":"instock","12":"sale","13":"shipping-taxable","14":"purchasable","15":"product-type-simple"},"_links":{"self":[{"href":"https:\/\/dev04.infinitekparis.com\/mx\/wp-json\/wp\/v2\/product\/381","targetHints":{"allow":["GET"]}}],"collection":[{"href":"https:\/\/dev04.infinitekparis.com\/mx\/wp-json\/wp\/v2\/product"}],"about":[{"href":"https:\/\/dev04.infinitekparis.com\/mx\/wp-json\/wp\/v2\/types\/product"}],"replies":[{"embeddable":true,"href":"https:\/\/dev04.infinitekparis.com\/mx\/wp-json\/wp\/v2\/comments?post=381"}],"wp:featuredmedia":[{"embeddable":true,"href":"https:\/\/dev04.infinitekparis.com\/mx\/wp-json\/wp\/v2\/media\/1149878"}],"wp:attachment":[{"href":"https:\/\/dev04.infinitekparis.com\/mx\/wp-json\/wp\/v2\/media?parent=381"}],"wp:term":[{"taxonomy":"product_brand","embeddable":true,"href":"https:\/\/dev04.infinitekparis.com\/mx\/wp-json\/wp\/v2\/product_brand?post=381"},{"taxonomy":"product_cat","embeddable":true,"href":"https:\/\/dev04.infinitekparis.com\/mx\/wp-json\/wp\/v2\/product_cat?post=381"},{"taxonomy":"product_tag","embeddable":true,"href":"https:\/\/dev04.infinitekparis.com\/mx\/wp-json\/wp\/v2\/product_tag?post=381"}],"curies":[{"name":"wp","href":"https:\/\/api.w.org\/{rel}","templated":true}]}}