{"id":390,"date":"2020-03-10T12:44:15","date_gmt":"2020-03-10T17:44:15","guid":{"rendered":"https:\/\/dev04.infinitekparis.com\/tienda\/sin%20categor\u00eda\/serum-acido-hialuronico-silicio-organico\/"},"modified":"2025-10-17T16:37:16","modified_gmt":"2025-10-17T21:37:16","slug":"serum-acido-hialuronico-silicio-organico-old","status":"publish","type":"product","link":"https:\/\/dev04.infinitekparis.com\/mx\/tienda\/rutina\/antiedad-correccion\/serum-acido-hialuronico-silicio-organico-old\/","title":{"rendered":"S\u00e9rum \u00c1cido Hialur\u00f3nico + Silicio Org\u00e1nico"},"content":{"rendered":"<p style=\"text-align: justify;\"><strong>S\u00e9rum \u00c1cido Hialur\u00f3nico + Silicio Org\u00e1nico<\/strong>. Brinda una hidrataci\u00f3n intensa y duradera, combate la p\u00e9rdida de firmeza, aumenta la producci\u00f3n natural de col\u00e1geno. Disminuye y previene los signos del envejecimiento como arrugas, l\u00edneas de expresi\u00f3n y flacidez. Mejora la textura y el grosor de la piel.<span class=\"more_less more\"> &#8230;Ver m\u00e1s<\/span><\/p>\n<div id=\"more_text\">\n<p style=\"text-align: justify;\"><strong>\u00bfPara qu\u00e9 sirve?<\/strong><\/p>\n<p style=\"text-align: justify;\">Brinda una hidrataci\u00f3n intensa y duradera. Disminuye y previene la apariencia de arrugas y l\u00edneas finas. Visiblemente mejora el grosor y la textura; para una piel m\u00e1s densa, resistente y flexible; capaz de combatir los efectos de los radicales libres, el estr\u00e9s y la fatiga. Rellena y reafirma, para una apariencia m\u00e1s joven y saludable.<\/p>\n<p style=\"text-align: justify;\">Es un hidratante ideal para la piel propensa al acn\u00e9.<\/p>\n<ul style=\"text-align: justify;\">\n<li>PARA TODO TIPO DE PIEL \u2013 Sin adici\u00f3n de Parabenos, fragancias y Colorantes.<\/li>\n<li>Libre de crueldad animal.<\/li>\n<li>Envase amigable con el medio ambiente.<\/li>\n<\/ul>\n<p style=\"text-align: justify;\"><p style=\"text-align: justify;\"><span style=\"font-weight: 400;\"><a href=\"https:\/\/dev04.infinitekparis.com\/mx\/contacto-whatsapp\/\" target=\"_blank\" rel=\"noopener noreferrer\"><strong>Para mayor informaci\u00f3n, comun\u00edcate con una de nuestras asesoras al n\u00famero (+1) 786 233 6429.<\/strong><\/a><\/span><\/p>\n<p><span class=\"more_less less\">Ver menos<\/span><\/p>\n<\/div>\n","protected":false},"excerpt":{"rendered":"<ul>\n<li>Hidrataci\u00f3n Intensa y Duradera.<\/li>\n<li>Combate la P\u00e9rdida de Firmeza.<\/li>\n<li>Suaviza Arrugas y L\u00edneas Finas.<\/li>\n<li>Mejora la Textura y el Grosor de la Piel.<\/li>\n<\/ul>\n<p><strong>Ingredientes Activos Dermatol\u00f3gicamente Probados.<\/strong><\/p>\n","protected":false},"featured_media":1150188,"comment_status":"open","ping_status":"closed","template":"","meta":[],"product_brand":[],"product_cat":[62,118,72],"product_tag":[],"class_list":{"0":"post-390","1":"product","2":"type-product","3":"status-publish","4":"has-post-thumbnail","6":"product_cat-platine","7":"product_cat-antiedad-correccion","8":"product_cat-cuidado-facial","10":"first","11":"instock","12":"sale","13":"featured","14":"shipping-taxable","15":"purchasable","16":"product-type-simple"},"_links":{"self":[{"href":"https:\/\/dev04.infinitekparis.com\/mx\/wp-json\/wp\/v2\/product\/390","targetHints":{"allow":["GET"]}}],"collection":[{"href":"https:\/\/dev04.infinitekparis.com\/mx\/wp-json\/wp\/v2\/product"}],"about":[{"href":"https:\/\/dev04.infinitekparis.com\/mx\/wp-json\/wp\/v2\/types\/product"}],"replies":[{"embeddable":true,"href":"https:\/\/dev04.infinitekparis.com\/mx\/wp-json\/wp\/v2\/comments?post=390"}],"wp:featuredmedia":[{"embeddable":true,"href":"https:\/\/dev04.infinitekparis.com\/mx\/wp-json\/wp\/v2\/media\/1150188"}],"wp:attachment":[{"href":"https:\/\/dev04.infinitekparis.com\/mx\/wp-json\/wp\/v2\/media?parent=390"}],"wp:term":[{"taxonomy":"product_brand","embeddable":true,"href":"https:\/\/dev04.infinitekparis.com\/mx\/wp-json\/wp\/v2\/product_brand?post=390"},{"taxonomy":"product_cat","embeddable":true,"href":"https:\/\/dev04.infinitekparis.com\/mx\/wp-json\/wp\/v2\/product_cat?post=390"},{"taxonomy":"product_tag","embeddable":true,"href":"https:\/\/dev04.infinitekparis.com\/mx\/wp-json\/wp\/v2\/product_tag?post=390"}],"curies":[{"name":"wp","href":"https:\/\/api.w.org\/{rel}","templated":true}]}}