{"id":398,"date":"2020-03-10T12:47:12","date_gmt":"2020-03-10T17:47:12","guid":{"rendered":"https:\/\/dev04.infinitekparis.com\/tienda\/sin%20categor\u00eda\/crema-hidratante-retinol\/"},"modified":"2025-07-05T21:33:57","modified_gmt":"2025-07-06T02:33:57","slug":"crema-humectante-retinol","status":"publish","type":"product","link":"https:\/\/dev04.infinitekparis.com\/mx\/tienda\/rutina\/antiedad-correccion\/crema-humectante-retinol\/","title":{"rendered":"Crema Humectante Retinol"},"content":{"rendered":"<p style=\"text-align: justify;\"><strong>Infinitek\u00ae Paris Crema Humectante Retinol<\/strong> es una innovadora f\u00f3rmula de alta tecnolog\u00eda, contiene dos ingredientes activos multifunci\u00f3n: Retinol y \u00c1cido Hialur\u00f3nico, los cuales favorecen la renovaci\u00f3n celular, mejorando la textura y el tono de la piel. Suaviza la apariencia de manchas, l\u00edneas finas, arrugas, poros dilatados e imperfecciones.<\/p>\n<p style=\"text-align: justify;\">Formulado con Aloe Vera, Aceite de Jojoba, Macadamia, Girasol, Vitamina E, Karit\u00e9 y T\u00e9 Verde; que nutren, humectan e hidratan; revelando una piel m\u00e1s joven, saludable y tersa. Ideal para suavizar signos del envejecimiento prematuro de la piel.<\/p>\n<p style=\"text-align: justify;\">*El color del producto puede cambiar con el tiempo debido a la alta concentraci\u00f3n de extractos naturales.<\/p>\n<p style=\"text-align: justify;\">Sin adici\u00f3n de Parabenos y Colorantes.<br \/>\nLibre de crueldad animal.<\/p>\n<p style=\"text-align: justify;\"><p style=\"text-align: justify;\"><span style=\"font-weight: 400;\"><a href=\"https:\/\/dev04.infinitekparis.com\/mx\/contacto-whatsapp\/\" target=\"_blank\" rel=\"noopener noreferrer\"><strong>Para mayor informaci\u00f3n, comun\u00edcate con una de nuestras asesoras al n\u00famero (+1) 786 233 6429.<\/strong><\/a><\/span><\/p>\n","protected":false},"excerpt":{"rendered":"<ul>\n<li>Humecta, nutre y rejuvenece.<\/li>\n<li>Mejora la textura, ilumina y unifica el tono de la piel.<\/li>\n<li>Suaviza la apariencia de manchas, arrugas y poros dilatados.<\/li>\n<li>Desarrollado con tecnolog\u00eda de punta que comprueba resultados reales.<\/li>\n<\/ul>\n<p><strong>Contiene:<\/strong> Activo Retinol, \u00c1cido Hialur\u00f3nico, Aloe Vera, Aceite de Jojoba, Macadamia, Girasol, Vitamina E, Karit\u00e9 y T\u00e9 Verde.<\/p>\n","protected":false},"featured_media":1150019,"comment_status":"open","ping_status":"closed","template":"","meta":[],"product_brand":[],"product_cat":[62,118,72],"product_tag":[],"class_list":{"0":"post-398","1":"product","2":"type-product","3":"status-publish","4":"has-post-thumbnail","6":"product_cat-platine","7":"product_cat-antiedad-correccion","8":"product_cat-cuidado-facial","10":"first","11":"instock","12":"sale","13":"shipping-taxable","14":"purchasable","15":"product-type-simple"},"_links":{"self":[{"href":"https:\/\/dev04.infinitekparis.com\/mx\/wp-json\/wp\/v2\/product\/398","targetHints":{"allow":["GET"]}}],"collection":[{"href":"https:\/\/dev04.infinitekparis.com\/mx\/wp-json\/wp\/v2\/product"}],"about":[{"href":"https:\/\/dev04.infinitekparis.com\/mx\/wp-json\/wp\/v2\/types\/product"}],"replies":[{"embeddable":true,"href":"https:\/\/dev04.infinitekparis.com\/mx\/wp-json\/wp\/v2\/comments?post=398"}],"wp:featuredmedia":[{"embeddable":true,"href":"https:\/\/dev04.infinitekparis.com\/mx\/wp-json\/wp\/v2\/media\/1150019"}],"wp:attachment":[{"href":"https:\/\/dev04.infinitekparis.com\/mx\/wp-json\/wp\/v2\/media?parent=398"}],"wp:term":[{"taxonomy":"product_brand","embeddable":true,"href":"https:\/\/dev04.infinitekparis.com\/mx\/wp-json\/wp\/v2\/product_brand?post=398"},{"taxonomy":"product_cat","embeddable":true,"href":"https:\/\/dev04.infinitekparis.com\/mx\/wp-json\/wp\/v2\/product_cat?post=398"},{"taxonomy":"product_tag","embeddable":true,"href":"https:\/\/dev04.infinitekparis.com\/mx\/wp-json\/wp\/v2\/product_tag?post=398"}],"curies":[{"name":"wp","href":"https:\/\/api.w.org\/{rel}","templated":true}]}}