{"id":485,"date":"2020-03-10T14:41:49","date_gmt":"2020-03-10T19:41:49","guid":{"rendered":"https:\/\/dev04.infinitekparis.com\/tienda\/sin%20categor\u00eda\/kit-facial\/"},"modified":"2026-01-26T17:05:34","modified_gmt":"2026-01-26T22:05:34","slug":"kit-facial","status":"publish","type":"product","link":"https:\/\/dev04.infinitekparis.com\/mx\/tienda\/platine\/kit-facial\/","title":{"rendered":"Kit Facial"},"content":{"rendered":"<p style=\"text-align: justify;\"><strong>\u00a1Ideal para todo tipo de piel!<\/strong> Nuestro Kit Facial hidrata, reafirma, fortalece y promueve la producci\u00f3n de col\u00e1geno y elastina. Ideal para prevenir el envejecimiento prematuro, contiene S\u00e9rum \u00c1cido Hialur\u00f3nico, S\u00e9rum Vitamina C, Multi Active 360 Contorno de Ojos, Protector Solar SPF 50 y Crema Hidratante Retinol. \u00a1Tu piel lo amar\u00e1!<\/p>\n<h3 style=\"text-align: justify;\">Los infaltables para tu piel:<\/h3>\n<p><strong>S\u00e9rum Vitamina C + Silicio Org\u00e1nico. <\/strong>Formulado con Vitamina C, E y \u00c1cido Fer\u00falico para maximizar la acci\u00f3n antioxidante. Fortalece la piel, combate los efectos de los radicales libres, la contaminaci\u00f3n y el da\u00f1o solar, principales causantes del envejecimiento prematuro. Act\u00faa como un potenciador de luminosidad, mejorando y aclarando el tono de la piel, revel\u00e1ndola renovada, radiante y juvenil.<\/p>\n<p><em>Contiene:<\/em> Vitamina C estabilizada con Silicio Org\u00e1nico, \u00c1cido Hialur\u00f3nico, Vitamina E, \u00c1cido Fer\u00falico, Ginkgo Biloba, Ginseng, Granada y T\u00e9 Verde.<\/p>\n<p><strong>S\u00e9rum \u00c1cido Hialur\u00f3nico + Silicio Org\u00e1nico. <\/strong>Brinda una hidrataci\u00f3n intensa y duradera. Disminuye y previene la apariencia de arrugas y l\u00edneas finas. Visiblemente mejora la firmeza, el grosor y la textura; para una piel m\u00e1s densa, resistente y flexible.<\/p>\n<p><strong>Multi-Active 360 Contorno de Ojos. <\/strong>Reafirma, ilumina e hidrata, mientras previene y disminuye la apariencia de ojeras, bolsas y arrugas. Gracias a su poder nutritivo y reparador brinda una sensaci\u00f3n de relajaci\u00f3n a los ojos cansados, revelando una mirada reluciente, fresca y juvenil.<\/p>\n<p><em>Contiene:<\/em> Cafe\u00edna, Retinol, \u00c1cido Hialur\u00f3nico, Flor de Sa\u00faco, Col\u00e1geno, Caviar, Elastina y Aceite de Aguacate.<\/p>\n<p><strong>Crema Humectante Retinol. <\/strong>Ayuda a estimular la renovaci\u00f3n celular y la s\u00edntesis de col\u00e1geno, ayudando a disminuir y prevenir la apariencia de poros dilatados, manchas, arrugas y l\u00edneas de expresi\u00f3n. Humecta, hidrata y reafirma, mientras mejora la textura y el tono de la piel, revel\u00e1ndola m\u00e1s sana, radiante y tersa.<\/p>\n<p><em>Contiene:<\/em><span style=\"text-align: justify; font-size: 14.4px;\"> Activo Retinol, \u00c1cido Hialur\u00f3nico, Aloe Vera, Aceite de Jojoba, Macadamia, Girasol, Vitamina E, Karit\u00e9 y T\u00e9 Verde.<\/span><\/p>\n<p><strong>Protector Solar SPF 50 de amplio espectro con f\u00f3rmula 100% mineral.<\/strong> Resistente al agua hasta 80 minutos, previene los signos del envejecimiento como manchas, arrugas, deshidrataci\u00f3n y c\u00e1ncer de piel. \u00dasalo como primer facial con acabado mate, su textura es ligera y no grasa. Ideal para cualquier tipo de piel, hasta las m\u00e1s sensibles.<\/p>\n<p><em>Contiene:<\/em> \u00d3xido de Zinc, Di\u00f3xido de Titanio, Physavie,\u00a0 Extracto de T\u00e9 Verde, Karit\u00e9, Extracto de Pepino y Aceite de Linaza.<\/p>\n<p style=\"text-align: justify;\"><span style=\"font-weight: 400;\"><a href=\"https:\/\/dev04.infinitekparis.com\/mx\/contacto-whatsapp\/\" target=\"_blank\" rel=\"noopener noreferrer\"><strong>Para mayor informaci\u00f3n, comun\u00edcate con una de nuestras asesoras al n\u00famero (+1) 786 233 6429.<\/strong><\/a><\/span><\/p>\n","protected":false},"excerpt":{"rendered":"<p>* Ingredientes Activos con estudios de efectividad. Su uso continuo resalta cambios en la piel que se hacen notorios en d\u00edas o semanas.<\/p>\n<ul>\n<li>S\u00e9rum Vitamina C + Silicio Org\u00e1nico<\/li>\n<li>S\u00e9rum \u00c1cido Hialur\u00f3nico + Silicio Org\u00e1nico<\/li>\n<li>Crema Humectante Retinol<\/li>\n<li>Multi-Active 360 Contorno de Ojos<\/li>\n<li>Protector solar de amplio espectro f\u00f3rmula 100% mineral<\/li>\n<\/ul>\n<p><strong>Ingredientes Activos Dermatol\u00f3gicamente Probados.<\/strong><\/p>\n","protected":false},"featured_media":1132163,"comment_status":"open","ping_status":"closed","template":"","meta":[],"product_brand":[],"product_cat":[62,72,80],"product_tag":[],"class_list":{"0":"post-485","1":"product","2":"type-product","3":"status-publish","4":"has-post-thumbnail","6":"product_cat-platine","7":"product_cat-cuidado-facial","8":"product_cat-kits","10":"first","11":"instock","12":"sale","13":"featured","14":"shipping-taxable","15":"purchasable","16":"product-type-simple"},"_links":{"self":[{"href":"https:\/\/dev04.infinitekparis.com\/mx\/wp-json\/wp\/v2\/product\/485","targetHints":{"allow":["GET"]}}],"collection":[{"href":"https:\/\/dev04.infinitekparis.com\/mx\/wp-json\/wp\/v2\/product"}],"about":[{"href":"https:\/\/dev04.infinitekparis.com\/mx\/wp-json\/wp\/v2\/types\/product"}],"replies":[{"embeddable":true,"href":"https:\/\/dev04.infinitekparis.com\/mx\/wp-json\/wp\/v2\/comments?post=485"}],"wp:featuredmedia":[{"embeddable":true,"href":"https:\/\/dev04.infinitekparis.com\/mx\/wp-json\/wp\/v2\/media\/1132163"}],"wp:attachment":[{"href":"https:\/\/dev04.infinitekparis.com\/mx\/wp-json\/wp\/v2\/media?parent=485"}],"wp:term":[{"taxonomy":"product_brand","embeddable":true,"href":"https:\/\/dev04.infinitekparis.com\/mx\/wp-json\/wp\/v2\/product_brand?post=485"},{"taxonomy":"product_cat","embeddable":true,"href":"https:\/\/dev04.infinitekparis.com\/mx\/wp-json\/wp\/v2\/product_cat?post=485"},{"taxonomy":"product_tag","embeddable":true,"href":"https:\/\/dev04.infinitekparis.com\/mx\/wp-json\/wp\/v2\/product_tag?post=485"}],"curies":[{"name":"wp","href":"https:\/\/api.w.org\/{rel}","templated":true}]}}