{"id":948146,"date":"2023-03-13T08:56:39","date_gmt":"2023-03-13T13:56:39","guid":{"rendered":"https:\/\/dev04.infinitekparis.com\/tienda\/sin%20categor\u00eda\/blossom-hand-cream\/"},"modified":"2025-08-26T11:52:07","modified_gmt":"2025-08-26T16:52:07","slug":"blossom-hand-cream","status":"publish","type":"product","link":"https:\/\/dev04.infinitekparis.com\/mx\/tienda\/rutina\/prevencion-proteccion\/blossom-hand-cream\/","title":{"rendered":"Blossom &#8211; Hand Cream"},"content":{"rendered":"<p style=\"text-align: justify;\">Crema hidratante y antioxidante para manos con innovadora f\u00f3rmula multi-funci\u00f3n y aroma floral. Contiene aceites y mantequillas de origen amaz\u00f3nico, \u00c1cido Hialur\u00f3nico e HYDROVANCE\u00ae\ufe0f; juntos crean una exclusiva f\u00f3rmula que instant\u00e1neamente hidrata, humecta y repara la piel seca, mientras previene y disminuye signos visibles de envejecimiento, como la apariencia de manchas, arrugas y flacidez.<\/p>\n<p style=\"text-align: justify;\"><span style=\"font-weight: 400;\"><a href=\"https:\/\/dev04.infinitekparis.com\/mx\/contacto-whatsapp\/\" target=\"_blank\" rel=\"noopener noreferrer\"><strong>Para mayor informaci\u00f3n, comun\u00edcate con una de nuestras asesoras al n\u00famero (+1) 786 233 6429.<\/strong><\/a><\/span><\/p>\n","protected":false},"excerpt":{"rendered":"<ul>\n<li>91.5% Ingredientes de origen natural.<\/li>\n<li>Hidrata, humecta y repara la piel seca.<\/li>\n<li>Disminuye signos visibles del envejecimiento como manchas, arrugas y flacidez.<\/li>\n<li>Con tecnolog\u00eda anti-edad, \u00e1cido hialur\u00f3nico e ingredientes amaz\u00f3nicos.<\/li>\n<\/ul>\n<p><strong>Ingredientes Activos Dermatol\u00f3gicamente Probados<\/strong><\/p>\n","protected":false},"featured_media":1149199,"comment_status":"open","ping_status":"closed","template":"","meta":[],"product_brand":[],"product_cat":[76,64,122],"product_tag":[],"class_list":{"0":"post-948146","1":"product","2":"type-product","3":"status-publish","4":"has-post-thumbnail","6":"product_cat-cuidado-corporal","7":"product_cat-naturel","8":"product_cat-prevencion-proteccion","10":"first","11":"instock","12":"sale","13":"shipping-taxable","14":"purchasable","15":"product-type-simple"},"_links":{"self":[{"href":"https:\/\/dev04.infinitekparis.com\/mx\/wp-json\/wp\/v2\/product\/948146","targetHints":{"allow":["GET"]}}],"collection":[{"href":"https:\/\/dev04.infinitekparis.com\/mx\/wp-json\/wp\/v2\/product"}],"about":[{"href":"https:\/\/dev04.infinitekparis.com\/mx\/wp-json\/wp\/v2\/types\/product"}],"replies":[{"embeddable":true,"href":"https:\/\/dev04.infinitekparis.com\/mx\/wp-json\/wp\/v2\/comments?post=948146"}],"wp:featuredmedia":[{"embeddable":true,"href":"https:\/\/dev04.infinitekparis.com\/mx\/wp-json\/wp\/v2\/media\/1149199"}],"wp:attachment":[{"href":"https:\/\/dev04.infinitekparis.com\/mx\/wp-json\/wp\/v2\/media?parent=948146"}],"wp:term":[{"taxonomy":"product_brand","embeddable":true,"href":"https:\/\/dev04.infinitekparis.com\/mx\/wp-json\/wp\/v2\/product_brand?post=948146"},{"taxonomy":"product_cat","embeddable":true,"href":"https:\/\/dev04.infinitekparis.com\/mx\/wp-json\/wp\/v2\/product_cat?post=948146"},{"taxonomy":"product_tag","embeddable":true,"href":"https:\/\/dev04.infinitekparis.com\/mx\/wp-json\/wp\/v2\/product_tag?post=948146"}],"curies":[{"name":"wp","href":"https:\/\/api.w.org\/{rel}","templated":true}]}}