{"id":957898,"date":"2023-06-02T10:45:20","date_gmt":"2023-06-02T15:45:20","guid":{"rendered":"https:\/\/dev04.infinitekparis.com\/?post_type=product&#038;p=957898"},"modified":"2025-11-04T16:36:59","modified_gmt":"2025-11-04T21:36:59","slug":"kit-de-verano","status":"publish","type":"product","link":"https:\/\/dev04.infinitekparis.com\/mx\/tienda\/platine\/kit-de-verano\/","title":{"rendered":"Kit De Verano"},"content":{"rendered":"<p><strong>Con estos productos tendr\u00e1s el kit de protecci\u00f3n e hidrataci\u00f3n perfecto para el verano y lucir una piel radiante.<\/strong><\/p>\n<ul>\n<li><strong>S\u00e9rum Vitamina C + Silicio Org\u00e1nico.<\/strong> Fortalece tu piel y combate los radicales libres como la contaminaci\u00f3n y el da\u00f1o solar. Este s\u00e9rum mejora visiblemente el aspecto de la piel, suavizando su textura y apoyando su elasticidad natural. Con su f\u00f3rmula avanzada, potencia la luminosidad y armoniza el tono, revelando una piel renovada, radiante y juvenil.<\/li>\n<li><strong>S\u00e9rum \u00c1cido Hialur\u00f3nico + Silicio Org\u00e1nico.<\/strong> Consigue una hidrataci\u00f3n intensa y duradera mientras suaviza los signos de envejecimiento en la piel. Este s\u00e9rum mejora el grosor y textura de la piel, haci\u00e9ndola m\u00e1s resistente y flexible ante los efectos del estr\u00e9s, la fatiga y los radicales libres. Adem\u00e1s, aporta volumen y firmeza para una apariencia juvenil y saludable.<\/li>\n<li><strong>Infinit-Ink.<\/strong> <strong>Tinta para labios y mejillas con \u00e1cido hialur\u00f3nico y bixa orellana.<\/strong> Su exclusiva f\u00f3rmula multifuncional brinda un acabado natural mientras hidrata la piel. Su aplicaci\u00f3n es gradual, permitiendo un tono que evoluciona de suave a m\u00e1s intenso. Con cada capa, el color se vuelve m\u00e1s profundo y duradero.<\/li>\n<li><strong>Luxury Lip Balm.<\/strong> <strong>Voluminizador de labios con \u00e1cido hialur\u00f3nico.<\/strong> Labios jugosos e hidratados al instante gracias a su contenido de \u00e1cido hialur\u00f3nico. Nutre y revitaliza tus labios a largo plazo, ofreciendo un efecto inmediato de mayor plenitud y suavidad.<\/li>\n<li><strong>Protector Solar Ultra-Protection.<\/strong> \u00a0F\u00f3rmula 100% mineral, brinda una protecci\u00f3n de amplio espectro contra los rayos UVA, UVB y Luz Azul, previniendo y mejorando los signos del envejecimiento.<\/li>\n<\/ul>\n<p style=\"text-align: justify;\"><span style=\"font-weight: 400;\"><a href=\"https:\/\/dev04.infinitekparis.com\/mx\/contacto-whatsapp\/\" target=\"_blank\" rel=\"noopener noreferrer\"><strong>Para mayor informaci\u00f3n, comun\u00edcate con una de nuestras asesoras al n\u00famero (+1) 786 233 6429.<\/strong><\/a><\/span><\/p>\n","protected":false},"excerpt":{"rendered":"<p>Los esenciales que tu piel necesita durante las vacaciones, protege, hidrata y luce un look natural.<\/p>\n<ul>\n<li>Hidrata y reafirma tu piel.<\/li>\n<li>Promueve la renovaci\u00f3n celular.<\/li>\n<li>Dale color a tus labios y mejillas.<\/li>\n<li>Nutre, repara y renueva tus labios.<\/li>\n<\/ul>\n<p><strong>Ingredientes Activos Dermatol\u00f3gicamente Probados<\/strong><\/p>\n","protected":false},"featured_media":1135321,"comment_status":"open","ping_status":"closed","template":"","meta":[],"product_brand":[],"product_cat":[72,80,62],"product_tag":[],"class_list":{"0":"post-957898","1":"product","2":"type-product","3":"status-publish","4":"has-post-thumbnail","6":"product_cat-cuidado-facial","7":"product_cat-kits","8":"product_cat-platine","10":"first","11":"instock","12":"sale","13":"shipping-taxable","14":"purchasable","15":"product-type-simple"},"_links":{"self":[{"href":"https:\/\/dev04.infinitekparis.com\/mx\/wp-json\/wp\/v2\/product\/957898","targetHints":{"allow":["GET"]}}],"collection":[{"href":"https:\/\/dev04.infinitekparis.com\/mx\/wp-json\/wp\/v2\/product"}],"about":[{"href":"https:\/\/dev04.infinitekparis.com\/mx\/wp-json\/wp\/v2\/types\/product"}],"replies":[{"embeddable":true,"href":"https:\/\/dev04.infinitekparis.com\/mx\/wp-json\/wp\/v2\/comments?post=957898"}],"wp:featuredmedia":[{"embeddable":true,"href":"https:\/\/dev04.infinitekparis.com\/mx\/wp-json\/wp\/v2\/media\/1135321"}],"wp:attachment":[{"href":"https:\/\/dev04.infinitekparis.com\/mx\/wp-json\/wp\/v2\/media?parent=957898"}],"wp:term":[{"taxonomy":"product_brand","embeddable":true,"href":"https:\/\/dev04.infinitekparis.com\/mx\/wp-json\/wp\/v2\/product_brand?post=957898"},{"taxonomy":"product_cat","embeddable":true,"href":"https:\/\/dev04.infinitekparis.com\/mx\/wp-json\/wp\/v2\/product_cat?post=957898"},{"taxonomy":"product_tag","embeddable":true,"href":"https:\/\/dev04.infinitekparis.com\/mx\/wp-json\/wp\/v2\/product_tag?post=957898"}],"curies":[{"name":"wp","href":"https:\/\/api.w.org\/{rel}","templated":true}]}}