{"id":1027169,"date":"2023-10-25T01:26:49","date_gmt":"2023-10-25T06:26:49","guid":{"rendered":"https:\/\/dev04.infinitekparis.com\/tienda\/sin%20categor\u00eda\/serum-clarificante-crystal-rose\/"},"modified":"2025-07-04T16:40:50","modified_gmt":"2025-07-04T21:40:50","slug":"serum-clarificante-crystal-rose","status":"publish","type":"product","link":"https:\/\/dev04.infinitekparis.com\/us-es\/tienda\/rutina\/antiedad-correccion\/serum-clarificante-crystal-rose\/","title":{"rendered":"S\u00e9rum Clarificante Crystal Rose Con AHA+BHA"},"content":{"rendered":"<p style=\"text-align: justify;\"><strong>Infinitek\u00ae Paris S\u00e9rum Crystal Rose<\/strong>, es una innovadora f\u00f3rmula despigmentante y exfoliante, ideal para combatir manchas, marcas de acn\u00e9, mejorar la textura y signos de envejecimiento.<\/p>\n<p style=\"text-align: justify;\">Formulado con una mezcla de \u00e1cido Glic\u00f3lico (10% AHA), \u00e1cido salic\u00edlico (2% BHA) y \u00e1cido azelaico, los cuales eliminan c\u00e9lulas muertas, destapan los poros, suavizan las l\u00edneas finas y arrugas; mientras la miel de rosas y el \u00e1cido hialur\u00f3nico, hidratan, nutren y calman.<\/p>\n<p style=\"text-align: justify;\">Es recomendado para controlar el exceso de oleosidad y conseguir una piel renovada, radiante y joven.<\/p>\n<p style=\"text-align: justify;\">\u00bfPor qu\u00e9 es especial?<\/p>\n<ul style=\"text-align: justify;\">\n<li>4 Fuentes antioxidantes\/antimanchas.<\/li>\n<li>9 Fuentes humectantes.<\/li>\n<li>Activos con estudios de efectividad.<\/li>\n<li>F\u00f3rmula Multi-funci\u00f3n.<\/li>\n<li>Libre de crueldad animal.<\/li>\n<li>Vegano, libre de parabenos, sulfatos y fragancias.<\/li>\n<\/ul>\n<p style=\"text-align: justify;\">No recomendado para pieles sensibles, ni con ros\u00e1cea.<\/p>\n<p style=\"text-align: justify;\"><span style=\"font-weight: 400;\"><a href=\"https:\/\/dev04.infinitekparis.com\/us-es\/contacto-whatsapp\/\" target=\"_blank\" rel=\"noopener noreferrer\"><strong>Para mayor informaci\u00f3n, comun\u00edcate con una de nuestras asesoras al n\u00famero +1 (786) 233 6429.<\/strong><\/a><\/span><\/p>\n","protected":false},"excerpt":{"rendered":"<ul>\n<li>Mejora la textura.<\/li>\n<li>Aclara y unifica el tono de la piel.<\/li>\n<li>Disminuye visiblemente manchas y poros dilatados.<\/li>\n<li>Contiene activos con estudios de efectividad.<\/li>\n<\/ul>\n<p>*Desarrollado con tecnolog\u00eda de punta que comprueba resultados reales.<\/p>\n","protected":false},"featured_media":1150302,"comment_status":"open","ping_status":"closed","template":"","meta":[],"product_brand":[],"product_cat":[124,73,60],"product_tag":[],"class_list":{"0":"post-1027169","1":"product","2":"type-product","3":"status-publish","4":"has-post-thumbnail","6":"product_cat-antiedad-correccion","7":"product_cat-cuidado-facial","8":"product_cat-platine","10":"first","11":"instock","12":"sale","13":"shipping-taxable","14":"purchasable","15":"product-type-simple"},"_links":{"self":[{"href":"https:\/\/dev04.infinitekparis.com\/us-es\/wp-json\/wp\/v2\/product\/1027169","targetHints":{"allow":["GET"]}}],"collection":[{"href":"https:\/\/dev04.infinitekparis.com\/us-es\/wp-json\/wp\/v2\/product"}],"about":[{"href":"https:\/\/dev04.infinitekparis.com\/us-es\/wp-json\/wp\/v2\/types\/product"}],"replies":[{"embeddable":true,"href":"https:\/\/dev04.infinitekparis.com\/us-es\/wp-json\/wp\/v2\/comments?post=1027169"}],"wp:featuredmedia":[{"embeddable":true,"href":"https:\/\/dev04.infinitekparis.com\/us-es\/wp-json\/wp\/v2\/media\/1150302"}],"wp:attachment":[{"href":"https:\/\/dev04.infinitekparis.com\/us-es\/wp-json\/wp\/v2\/media?parent=1027169"}],"wp:term":[{"taxonomy":"product_brand","embeddable":true,"href":"https:\/\/dev04.infinitekparis.com\/us-es\/wp-json\/wp\/v2\/product_brand?post=1027169"},{"taxonomy":"product_cat","embeddable":true,"href":"https:\/\/dev04.infinitekparis.com\/us-es\/wp-json\/wp\/v2\/product_cat?post=1027169"},{"taxonomy":"product_tag","embeddable":true,"href":"https:\/\/dev04.infinitekparis.com\/us-es\/wp-json\/wp\/v2\/product_tag?post=1027169"}],"curies":[{"name":"wp","href":"https:\/\/api.w.org\/{rel}","templated":true}]}}