{"id":1027180,"date":"2023-10-25T00:05:30","date_gmt":"2023-10-25T05:05:30","guid":{"rendered":"https:\/\/dev04.infinitekparis.com\/tienda\/sin%20categor\u00eda\/kit-elemental\/"},"modified":"2026-01-26T15:34:43","modified_gmt":"2026-01-26T20:34:43","slug":"kit-elemental","status":"publish","type":"product","link":"https:\/\/dev04.infinitekparis.com\/us-es\/tienda\/platine\/kit-elemental\/","title":{"rendered":"Kit Elemental"},"content":{"rendered":"<p style=\"text-align: justify;\">Nuestro <strong>Kit Elemental<\/strong> es ideal para tu rutina AM y PM, estos 4 favoritos IK se convertir\u00e1n en tu parte favorita de tu ritual de amor propio. Con nuestro S\u00e9rum Vitamina C, S\u00e9rum \u00c1cido Hialur\u00f3nico, S\u00e9rum Crystal Rose y nuestro Protector Solar Ultra-Protection mejorar\u00e1s, aclarar\u00e1s, unificar\u00e1s, despigmentar\u00e1s y proteger\u00e1s tu piel.<\/p>\n<p style=\"text-align: justify;\"><strong>\u00bfPara qu\u00e9 sirven?<\/strong><\/p>\n<ul>\n<li style=\"text-align: justify;\"><strong>S\u00e9rum Crystal Rose &#8211; <\/strong> Formulado para combatir manchas, aclara y unifica el tono de la piel mientras disminuye visiblemente la apariencia de poros dilatados, manchas por el sol o acn\u00e9 mientras mejora visiblemente la textura de la piel. Ideal para tu rutina PM.<\/li>\n<li style=\"text-align: justify;\"><strong>S\u00e9rum Vitamina C + Silicio Org\u00e1nico<\/strong><strong> &#8211; <\/strong>Su f\u00f3rmula de tecnolog\u00eda avanzada fortalece la piel para combatir los efectos nocivos de los radicales libres, la poluci\u00f3n y el da\u00f1o solar. Act\u00faa como un potenciador de la luminosidad, mientras promueve la renovaci\u00f3n celular. Ideal para tu rutina AM.<\/li>\n<li style=\"text-align: justify;\"><strong>S\u00e9rum \u00c1cido Hialur\u00f3nico + Silicio Org\u00e1nico<\/strong> &#8211; Poderoso aliado en la rutina de cuidado facial que, adem\u00e1s de hidratar a profundidad, combate la p\u00e9rdida de firmeza y aumenta la producci\u00f3n natural de col\u00e1geno. Disminuye y previene signos de envejecimiento como arrugas, l\u00edneas de expresi\u00f3n y flacidez. Mejora la textura y el grosor de la piel. Ideal para tu rutina AM y PM.<\/li>\n<li style=\"text-align: justify;\"><strong>Protector Solar Ultra-Protection SPF 50<\/strong> &#8211; F\u00f3rmula 100% mineral, brinda una protecci\u00f3n de amplio espectro contra los rayos UVA, UVB y Luz Azul, previniendo y mejorando los signos del envejecimiento como arrugas, manchas, y el riesgo de c\u00e1ncer de piel.<\/li>\n<\/ul>\n<p style=\"text-align: justify;\"><span style=\"font-weight: 400;\"><a href=\"https:\/\/dev04.infinitekparis.com\/us-es\/contacto-whatsapp\/\" target=\"_blank\" rel=\"noopener noreferrer\"><strong>Para mayor informaci\u00f3n, comun\u00edcate con una de nuestras asesoras al n\u00famero +1 (786) 233 6429.<\/strong><\/a><\/span><\/p>\n","protected":false},"excerpt":{"rendered":"<ul>\n<li>Mejora la textura, aclara y unifica el tono de tu piel.<\/li>\n<li>Disminuye visiblemente manchas y poros dilatados.<\/li>\n<li>Protege tu piel de los rayos UVB, UVA, luz azul y artificial.<\/li>\n<\/ul>\n<p>Ideal para tu rutina AM y PM.<\/p>\n","protected":false},"featured_media":1142082,"comment_status":"open","ping_status":"closed","template":"","meta":[],"product_brand":[],"product_cat":[73,81,60],"product_tag":[],"class_list":{"0":"post-1027180","1":"product","2":"type-product","3":"status-publish","4":"has-post-thumbnail","6":"product_cat-cuidado-facial","7":"product_cat-kits","8":"product_cat-platine","10":"first","11":"instock","12":"sale","13":"shipping-taxable","14":"purchasable","15":"product-type-simple"},"_links":{"self":[{"href":"https:\/\/dev04.infinitekparis.com\/us-es\/wp-json\/wp\/v2\/product\/1027180","targetHints":{"allow":["GET"]}}],"collection":[{"href":"https:\/\/dev04.infinitekparis.com\/us-es\/wp-json\/wp\/v2\/product"}],"about":[{"href":"https:\/\/dev04.infinitekparis.com\/us-es\/wp-json\/wp\/v2\/types\/product"}],"replies":[{"embeddable":true,"href":"https:\/\/dev04.infinitekparis.com\/us-es\/wp-json\/wp\/v2\/comments?post=1027180"}],"wp:featuredmedia":[{"embeddable":true,"href":"https:\/\/dev04.infinitekparis.com\/us-es\/wp-json\/wp\/v2\/media\/1142082"}],"wp:attachment":[{"href":"https:\/\/dev04.infinitekparis.com\/us-es\/wp-json\/wp\/v2\/media?parent=1027180"}],"wp:term":[{"taxonomy":"product_brand","embeddable":true,"href":"https:\/\/dev04.infinitekparis.com\/us-es\/wp-json\/wp\/v2\/product_brand?post=1027180"},{"taxonomy":"product_cat","embeddable":true,"href":"https:\/\/dev04.infinitekparis.com\/us-es\/wp-json\/wp\/v2\/product_cat?post=1027180"},{"taxonomy":"product_tag","embeddable":true,"href":"https:\/\/dev04.infinitekparis.com\/us-es\/wp-json\/wp\/v2\/product_tag?post=1027180"}],"curies":[{"name":"wp","href":"https:\/\/api.w.org\/{rel}","templated":true}]}}