{"id":1206946,"date":"2024-12-31T15:00:19","date_gmt":"2024-12-31T20:00:19","guid":{"rendered":"https:\/\/dev04.infinitekparis.com\/tienda\/sin%20categor\u00eda\/kit-ritual-21-dias\/"},"modified":"2026-01-26T09:06:40","modified_gmt":"2026-01-26T14:06:40","slug":"kit-ritual-21-dias","status":"publish","type":"product","link":"https:\/\/dev04.infinitekparis.com\/us-es\/tienda\/kits\/kit-ritual-21-dias\/","title":{"rendered":"Kit Ritual 21 D\u00edas"},"content":{"rendered":"<p>Nuestro <strong>Kit Ritual 21 D\u00edas<\/strong> est\u00e1 dise\u00f1ado para ayudarte a crear un h\u00e1bito de cuidado personal y transformar tu rutina en un ritual de bienestar. Contiene 5 productos esenciales para renovar, exfoliar, hidratar y proteger tu piel, Su uso continuo demuestra cambios notorios en d\u00edas o semanas.<\/p>\n<p><strong>S\u00e9rum Vitamina C + Silicio Org\u00e1nico.<\/strong> Formulado con Vitamina C, E y \u00c1cido Fer\u00falico para maximizar la acci\u00f3n antioxidante. Fortalece la piel, combate los efectos de los radicales libres, la contaminaci\u00f3n y el da\u00f1o solar, principales causantes del envejecimiento prematuro. Act\u00faa como un potenciador de luminosidad, mejorando y aclarando el tono de la piel, revel\u00e1ndola renovada, radiante y juvenil.<\/p>\n<p><strong>Contiene:<\/strong> Vitamina C estabilizada con Silicio Org\u00e1nico, \u00c1cido Hialur\u00f3nico, Vitamina E, \u00c1cido Fer\u00falico, Ginkgo Biloba, Ginseng, Granada y T\u00e9 Verde.<\/p>\n<p><strong>S\u00e9rum \u00c1cido Hialur\u00f3nico + Silicio Org\u00e1nico.<\/strong> Brinda una hidrataci\u00f3n intensa y duradera. Disminuye y previene la apariencia de arrugas y l\u00edneas finas. Visiblemente mejora la firmeza, el grosor y la textura; para una piel m\u00e1s densa, resistente y flexible.<\/p>\n<p><strong>Multi-Active 360 Contorno de Ojos.<\/strong> Reafirma, ilumina e hidrata, mientras previene y disminuye la apariencia de ojeras, bolsas y arrugas. Gracias a su poder nutritivo y reparador brinda una sensaci\u00f3n de relajaci\u00f3n a los ojos cansados, revelando una mirada reluciente, fresca y juvenil.<\/p>\n<p><strong>Contiene:<\/strong> Cafe\u00edna, Retinol, \u00c1cido Hialur\u00f3nico, Flor de Sa\u00faco, Col\u00e1geno, Caviar, Elastina y Aceite de Aguacate.<\/p>\n<p><strong>Mascarilla del Mar Muerto.<\/strong> Dise\u00f1ada para prevenir y disminuir la apariencia de acn\u00e9, espinillas, eczemas y poros dilatados. Su f\u00f3rmula antioxidante y remineralizante, limpia, purifica y restaura el equilibrio natural de la piel. Absorbe el exceso de grasa y desintoxica los poros a profundidad, eliminando impurezas y c\u00e9lulas muertas.<\/p>\n<p><strong>Contiene:<\/strong> Extracto de Centella Asi\u00e1tica, Aquilea, Tusilago, Cal\u00e9ndula, Karit\u00e9 y Aceite de Almendras. Su f\u00f3rmula es rica en Vitamina A, E y Minerales naturales como el Magnesio, Sodio, Calcio y Potasio.<\/p>\n<p><strong>Protector solar SPF50 de amplio espectro con f\u00f3rmula 100% mineral.<\/strong> Resistente al agua hasta 80 minutos, previene los signos del envejecimiento como manchas, arrugas, deshidrataci\u00f3n y c\u00e1ncer de piel. \u00dasalo como primer facial con acabado mate, su textura es ligera y no grasa. Ideal para cualquier tipo de piel, hasta las m\u00e1s sensibles.<\/p>\n<p><strong>Contiene:<\/strong> \u00d3xido de Zinc, Di\u00f3xido de Titanio, Physavie, Extracto de T\u00e9 Verde, Karit\u00e9, Extracto de Pepino y Aceite de Linaza.<\/p>\n<p style=\"text-align: justify;\"><span style=\"font-weight: 400;\"><a href=\"https:\/\/dev04.infinitekparis.com\/us-es\/contacto-whatsapp\/\" target=\"_blank\" rel=\"noopener noreferrer\"><strong>Para mayor informaci\u00f3n, comun\u00edcate con una de nuestras asesoras al n\u00famero +1 (786) 233 6429.<\/strong><\/a><\/span><\/p>\n","protected":false},"excerpt":{"rendered":"<p>Ingredientes Activos con estudios de efectividad. Su uso continuo resalta cambios en la piel que se hacen notorios en d\u00edas o semanas.<\/p>\n<ul>\n<li>S\u00e9rum Vitamina C + Silicio Org\u00e1nico.<\/li>\n<li>S\u00e9rum \u00c1cido Hialur\u00f3nico + Silicio Org\u00e1nico.<\/li>\n<li>Multi-Active 360 Contorno de Ojos.<\/li>\n<li>Protector solar de amplio espectro f\u00f3rmula 100% mineral.<\/li>\n<li>Mascarilla del Mar Muerto.<\/li>\n<\/ul>\n<p>* Ingredientes Activos Dermatol\u00f3gicamente Probados.<\/p>\n","protected":false},"featured_media":1206934,"comment_status":"open","ping_status":"closed","template":"","meta":[],"product_brand":[],"product_cat":[81],"product_tag":[],"class_list":{"0":"post-1206946","1":"product","2":"type-product","3":"status-publish","4":"has-post-thumbnail","6":"product_cat-kits","8":"first","9":"instock","10":"sale","11":"shipping-taxable","12":"purchasable","13":"product-type-simple"},"_links":{"self":[{"href":"https:\/\/dev04.infinitekparis.com\/us-es\/wp-json\/wp\/v2\/product\/1206946","targetHints":{"allow":["GET"]}}],"collection":[{"href":"https:\/\/dev04.infinitekparis.com\/us-es\/wp-json\/wp\/v2\/product"}],"about":[{"href":"https:\/\/dev04.infinitekparis.com\/us-es\/wp-json\/wp\/v2\/types\/product"}],"replies":[{"embeddable":true,"href":"https:\/\/dev04.infinitekparis.com\/us-es\/wp-json\/wp\/v2\/comments?post=1206946"}],"wp:featuredmedia":[{"embeddable":true,"href":"https:\/\/dev04.infinitekparis.com\/us-es\/wp-json\/wp\/v2\/media\/1206934"}],"wp:attachment":[{"href":"https:\/\/dev04.infinitekparis.com\/us-es\/wp-json\/wp\/v2\/media?parent=1206946"}],"wp:term":[{"taxonomy":"product_brand","embeddable":true,"href":"https:\/\/dev04.infinitekparis.com\/us-es\/wp-json\/wp\/v2\/product_brand?post=1206946"},{"taxonomy":"product_cat","embeddable":true,"href":"https:\/\/dev04.infinitekparis.com\/us-es\/wp-json\/wp\/v2\/product_cat?post=1206946"},{"taxonomy":"product_tag","embeddable":true,"href":"https:\/\/dev04.infinitekparis.com\/us-es\/wp-json\/wp\/v2\/product_tag?post=1206946"}],"curies":[{"name":"wp","href":"https:\/\/api.w.org\/{rel}","templated":true}]}}