{"id":399,"date":"2020-03-10T12:47:12","date_gmt":"2020-03-10T17:47:12","guid":{"rendered":"https:\/\/dev04.infinitekparis.com\/tienda\/sin%20categor\u00eda\/crema-hidratante-retinol\/"},"modified":"2025-10-17T16:37:07","modified_gmt":"2025-10-17T21:37:07","slug":"crema-humectante-retinol","status":"publish","type":"product","link":"https:\/\/dev04.infinitekparis.com\/us-es\/tienda\/rutina\/antiedad-correccion\/crema-humectante-retinol\/","title":{"rendered":"Crema Humectante Retinol"},"content":{"rendered":"<p style=\"text-align: justify;\"><strong>Crema Humectante Retinol<\/strong>, de uso nocturno. Estimula la renovaci\u00f3n celular y la s\u00edntesis de col\u00e1geno, ayudando a disminuir y prevenir la apariencia de manchas, arrugas, l\u00edneas de expresi\u00f3n y poros dilatados. Humecta, hidrata y reafirma, mientras mejora la textura y el tono de la piel.<span class=\"more_less more\"> &#8230;Ver m\u00e1s<\/span><\/p>\n<div id=\"more_text\">\n<p style=\"text-align: justify;\"><strong>\u00bfPara qu\u00e9 sirve?<\/strong><\/p>\n<p style=\"text-align: justify;\">Previene y corrige los signos del envejecimiento prematuro. Ayuda a estimular la renovaci\u00f3n celular y la s\u00edntesis de col\u00e1geno, mientras disminuye y previene la apariencia de poros dilatados, manchas, arrugas y l\u00edneas de expresi\u00f3n. Su f\u00f3rmula multifunci\u00f3n humecta, hidrata y reafirma, mientras mejora la textura y el tono de la piel, revel\u00e1ndola saludable, radiante y juvenil.<\/p>\n<p style=\"text-align: justify;\">No contiene colorante. *El color del producto puede cambiar con el tiempo debido a la alta concentraci\u00f3n de extractos naturales.<\/p>\n<ul style=\"text-align: justify;\">\n<li>Sin adici\u00f3n de Parabenos y Colorantes.<\/li>\n<li>Libre de crueldad animal.<\/li>\n<\/ul>\n<p style=\"text-align: justify;\"><p style=\"text-align: justify;\"><span style=\"font-weight: 400;\"><a href=\"https:\/\/dev04.infinitekparis.com\/us-es\/contacto-whatsapp\/\" target=\"_blank\" rel=\"noopener noreferrer\"><strong>Para mayor informaci\u00f3n, comun\u00edcate con una de nuestras asesoras al n\u00famero +1 (786) 233 6429.<\/strong><\/a><\/span><\/p>\n<p><span class=\"more_less less\">Ver menos<\/span><\/p>\n<\/div>\n","protected":false},"excerpt":{"rendered":"<ul>\n<li>Mejora la Textura y Unifica el Tono de la Piel.<\/li>\n<li>Previene y Mejora la Apariencia de Manchas, Arrugas y Poros Dilatados.<\/li>\n<li>Promueve la Renovaci\u00f3n Celular para una Apariencia Saludable y Juvenil.<\/li>\n<li>Combate el Envejecimiento Prematuro de la Piel.<\/li>\n<\/ul>\n<p><strong>Ingredientes Activos Dermatol\u00f3gicamente Probados.<\/strong><\/p>\n<p><strong>Contiene:<\/strong>\u00a0Activo Retinol, \u00c1cido Hialur\u00f3nico, Aloe Vera, Aceite de Jojoba, Macadamia, Girasol, Vitamina E, Karit\u00e9 y T\u00e9 Verde.<\/p>\n","protected":false},"featured_media":1150020,"comment_status":"open","ping_status":"closed","template":"","meta":[],"product_brand":[],"product_cat":[60,124,73,604],"product_tag":[],"class_list":{"0":"post-399","1":"product","2":"type-product","3":"status-publish","4":"has-post-thumbnail","6":"product_cat-platine","7":"product_cat-antiedad-correccion","8":"product_cat-cuidado-facial","9":"product_cat-individuales-us-es","11":"first","12":"instock","13":"sale","14":"shipping-taxable","15":"purchasable","16":"product-type-simple"},"_links":{"self":[{"href":"https:\/\/dev04.infinitekparis.com\/us-es\/wp-json\/wp\/v2\/product\/399","targetHints":{"allow":["GET"]}}],"collection":[{"href":"https:\/\/dev04.infinitekparis.com\/us-es\/wp-json\/wp\/v2\/product"}],"about":[{"href":"https:\/\/dev04.infinitekparis.com\/us-es\/wp-json\/wp\/v2\/types\/product"}],"replies":[{"embeddable":true,"href":"https:\/\/dev04.infinitekparis.com\/us-es\/wp-json\/wp\/v2\/comments?post=399"}],"wp:featuredmedia":[{"embeddable":true,"href":"https:\/\/dev04.infinitekparis.com\/us-es\/wp-json\/wp\/v2\/media\/1150020"}],"wp:attachment":[{"href":"https:\/\/dev04.infinitekparis.com\/us-es\/wp-json\/wp\/v2\/media?parent=399"}],"wp:term":[{"taxonomy":"product_brand","embeddable":true,"href":"https:\/\/dev04.infinitekparis.com\/us-es\/wp-json\/wp\/v2\/product_brand?post=399"},{"taxonomy":"product_cat","embeddable":true,"href":"https:\/\/dev04.infinitekparis.com\/us-es\/wp-json\/wp\/v2\/product_cat?post=399"},{"taxonomy":"product_tag","embeddable":true,"href":"https:\/\/dev04.infinitekparis.com\/us-es\/wp-json\/wp\/v2\/product_tag?post=399"}],"curies":[{"name":"wp","href":"https:\/\/api.w.org\/{rel}","templated":true}]}}