{"id":957899,"date":"2023-06-02T10:45:20","date_gmt":"2023-06-02T15:45:20","guid":{"rendered":"https:\/\/dev04.infinitekparis.com\/?post_type=product&#038;p=957899"},"modified":"2026-01-26T17:09:23","modified_gmt":"2026-01-26T22:09:23","slug":"kit-de-verano","status":"publish","type":"product","link":"https:\/\/dev04.infinitekparis.com\/us-es\/tienda\/platine\/kit-de-verano\/","title":{"rendered":"Kit De Verano"},"content":{"rendered":"<p style=\"text-align: justify;\"><strong>Con estos productos tendr\u00e1s el kit de protecci\u00f3n e hidrataci\u00f3n perfecto para el verano y lucir una piel radiante<\/strong><\/p>\n<ul>\n<li style=\"text-align: justify;\"><strong>S\u00e9rum Vitamina C + Silicio Org\u00e1nico<\/strong>. Su f\u00f3rmula inteligente fortalece la piel, combate los efectos de los radicales libres, la contaminaci\u00f3n y el da\u00f1o solar, principales causantes del envejecimiento prematuro de la piel. Mejora y previene la apariencia de manchas, arrugas, l\u00edneas finas y p\u00e9rdida de firmeza. Act\u00faa como un potenciador de la luminosidad, mejorando y aclarando el tono de la piel, revel\u00e1ndola renovada, radiante y juvenil.<\/li>\n<li style=\"text-align: justify;\"><strong style=\"color: #555555; font-size: 14.4px;\">S\u00e9rum \u00c1cido Hialur\u00f3nico + Silicio Org\u00e1nico<\/strong><span style=\"color: #555555; font-size: 14.4px;\">. Brinda una hidrataci\u00f3n intensa y duradera. Disminuye y previene la apariencia de arrugas y l\u00edneas finas. Visiblemente mejora el grosor y la textura; para una piel m\u00e1s densa, resistente y flexible; capaz de combatir los efectos de los radicales libres, el estr\u00e9s y la fatiga. Rellena y reafirma, para una apariencia m\u00e1s joven y saludable.<\/span><\/li>\n<li style=\"text-align: justify;\"><strong style=\"color: #555555; font-size: 14.4px;\">Protector Solar Ultra Protection SPF 50<\/strong><span style=\"color: #555555; font-size: 14.4px;\">. Brinda una protecci\u00f3n de amplio espectro contra los rayos UVA, UVB y Luz Azul, previniendo y mejorando los signos del envejecimiento como las manchas oscuras y el riesgo de c\u00e1ncer de piel. Adem\u00e1s de proteger e hidratar funciona como Primer Facial con acabado mate.<\/span><\/li>\n<li style=\"text-align: justify;\"><strong style=\"color: #555555; font-size: 14.4px;\">Infinit-Ink.<\/strong><span style=\"color: #555555; font-size: 14.4px;\"> Tinta para labios y mejillas con \u00e1cido hialur\u00f3nico y bixa orellana. Su exclusiva f\u00f3rmula multifunci\u00f3n maquilla de manera natural, mientras hidrata y mantiene la juventud de la piel. Su aplicaci\u00f3n es gradual, de un tono natural a un tono m\u00e1s profundo. Cuantas m\u00e1s capas de aplicaci\u00f3n, m\u00e1s profunda y duradera ser\u00e1 la intensidad de color.<\/span><\/li>\n<li style=\"text-align: justify;\"><strong style=\"color: #555555; font-size: 14.4px;\">Luxury Lip Balm. <\/strong><span style=\"color: #555555; font-size: 14.4px;\">Voluminizador de labios con \u00e1cido hialur\u00f3nico. Hidrata, nutre y repara. Genera un efecto inmediato y a largo plazo de labios hidratados y con mayor volumen.<\/span><\/li>\n<\/ul>\n<p style=\"text-align: justify;\"><span style=\"font-weight: 400;\"><a href=\"https:\/\/dev04.infinitekparis.com\/us-es\/contacto-whatsapp\/\" target=\"_blank\" rel=\"noopener noreferrer\"><strong>Para mayor informaci\u00f3n, comun\u00edcate con una de nuestras asesoras al n\u00famero +1 (786) 233 6429.<\/strong><\/a><\/span><\/p>\n","protected":false},"excerpt":{"rendered":"<p>Los esenciales que tu piel necesita estas vacaciones, protege, hidrata y luce un look natural.<\/p>\n<ul>\n<li><strong>S\u00e9rum Vitamina C + Silicio Org\u00e1nico.<\/strong> Promueve la Renovaci\u00f3n Celular para una Apariencia m\u00e1s Sana y Joven.<\/li>\n<li><strong>S\u00e9rum \u00c1cido Hialur\u00f3nico + Silicio Org\u00e1nico<\/strong>. Hidrata, reafirma y suaviza<\/li>\n<li><strong>Protector Solar Ultra-Protection SPF 50.<\/strong>Protege tu piel contra los rayos solares UVB, UVA, luz azul y artificial.<\/li>\n<li><strong>Infinit-Ink. <\/strong>Tinta para labios y mejillas con \u00c1cido Hialur\u00f3nico y Bixa Orellana, Resistente a besos y sin transferencia.<\/li>\n<li><strong>Luxury Lip Balm. <\/strong>Voluminizador de labios con \u00c1cido Hialur\u00f3nico. Nutre, repara y renueva, para unos labios m\u00e1s j\u00f3venes.<\/li>\n<\/ul>\n<p><strong>Ingredientes Activos Dermatol\u00f3gicamente Probados<\/strong><\/p>\n","protected":false},"featured_media":1269960,"comment_status":"open","ping_status":"closed","template":"","meta":[],"product_brand":[],"product_cat":[73,81,60],"product_tag":[],"class_list":{"0":"post-957899","1":"product","2":"type-product","3":"status-publish","4":"has-post-thumbnail","6":"product_cat-cuidado-facial","7":"product_cat-kits","8":"product_cat-platine","10":"first","11":"instock","12":"sale","13":"shipping-taxable","14":"purchasable","15":"product-type-simple"},"_links":{"self":[{"href":"https:\/\/dev04.infinitekparis.com\/us-es\/wp-json\/wp\/v2\/product\/957899","targetHints":{"allow":["GET"]}}],"collection":[{"href":"https:\/\/dev04.infinitekparis.com\/us-es\/wp-json\/wp\/v2\/product"}],"about":[{"href":"https:\/\/dev04.infinitekparis.com\/us-es\/wp-json\/wp\/v2\/types\/product"}],"replies":[{"embeddable":true,"href":"https:\/\/dev04.infinitekparis.com\/us-es\/wp-json\/wp\/v2\/comments?post=957899"}],"wp:featuredmedia":[{"embeddable":true,"href":"https:\/\/dev04.infinitekparis.com\/us-es\/wp-json\/wp\/v2\/media\/1269960"}],"wp:attachment":[{"href":"https:\/\/dev04.infinitekparis.com\/us-es\/wp-json\/wp\/v2\/media?parent=957899"}],"wp:term":[{"taxonomy":"product_brand","embeddable":true,"href":"https:\/\/dev04.infinitekparis.com\/us-es\/wp-json\/wp\/v2\/product_brand?post=957899"},{"taxonomy":"product_cat","embeddable":true,"href":"https:\/\/dev04.infinitekparis.com\/us-es\/wp-json\/wp\/v2\/product_cat?post=957899"},{"taxonomy":"product_tag","embeddable":true,"href":"https:\/\/dev04.infinitekparis.com\/us-es\/wp-json\/wp\/v2\/product_tag?post=957899"}],"curies":[{"name":"wp","href":"https:\/\/api.w.org\/{rel}","templated":true}]}}